{"id":40,"date":"2021-05-14T10:38:04","date_gmt":"2021-05-14T10:38:04","guid":{"rendered":"https:\/\/taxiverband-hessen.de\/?page_id=40"},"modified":"2021-05-14T11:06:23","modified_gmt":"2021-05-14T11:06:23","slug":"datenschutz","status":"publish","type":"page","link":"https:\/\/taxiverband-hessen.de\/?page_id=40","title":{"rendered":"Datenschutz"},"content":{"rendered":"<p>Datenschutzerkl\u00e4rung nach der EU DS-GVO<\/p>\n<p>Der Verantwortliche im Sinne der Datenschutz-Grundverordnung und anderer nationaler Datenschutzgesetze der Mitgliedsstaaten sowie sonstiger datenschutzrechtlicher Bestimmungen ist der nachfolgende Verband:<\/p>\n<p>Landesverband Hessen f\u00fcr das Personenbef\u00f6rderungsgewerbe e.V., Breitenbachstra\u00dfe 1, 60487 Frankfurt am Main<br \/>\nTelefon: 069 79207810, Telefax: 069 79207812, Mail: info@taxiverband-hessen.de<\/p>\n<p>Der f\u00fcr den Datenschutz Verantwortliche ist:<br \/>\nHans-Peter Kratz (hans-peter.kratz@taxiverband-hessen.de)<\/p>\n<p>Allgemeiner Hinweis:<br \/>\nWir erheben keinerlei Personen bezogene Daten beim Besuch unserer Website. Daten die freiwillig per eMail \u00fcbermittelt werden, werden ausschlie\u00dflich im Falle einer Bearbeitung verwendet und danach gel\u00f6scht. Eine Weitergabe an Dritte findet nicht statt. Datenverarbeitungen findet nur als unterst\u00fctzende T\u00e4tigkeit zur Mitglieder- und Beitragsverwaltung statt. Diese Daten werden nur innerhalb des Vereines verwaltet. Eine Weitergabe an Dritte, sofern dies nicht f\u00fcr einen Info- oder sonstigen Service f\u00fcr die Mitglieder notwendig ist, ist ausgeschlossen. Die Europ\u00e4ische Datenschutz Grundverordnung findet Anwendung. Die daraus sich ergebende Rechte k\u00f6nnen in der EU DS-GVO entnommen werden.<\/p>\n<p>Ausf\u00fchrliche Information:<br \/>\n(Informationspflichten bei Direkterhebung nach Art. 13 DSGVO)<\/p>\n<p>Verantwortlich f\u00fcr die Datenverarbeitung:<br \/>\nLandesverband Hessen f\u00fcr das Personenbef\u00f6rderungsgewerbe e.V.\u2013 Breitenbachstra\u00dfe 1 \u2013 60486 Frankfurt am Main<\/p>\n<p>Zust\u00e4ndigkeit f\u00fcr den Datenschutz und Kontakt:<br \/>\nHans-Peter Kratz \u2013 Landesverband Hessen f\u00fcr das Personenbef\u00f6rderungsgewerbe e.V.\u2013 Breitenbachstra\u00dfe 1 \u2013 60486 Frankfurt am Main \u2013 hans-peter.kratz@taxiverband-hessen.de<\/p>\n<p>Zweck Datenverarbeitung:<br \/>\nMaildienst \/ Aktuelle Rundschreiben \/ postalische Zustellung der Zeitschrift des Verbandes und Ihre Mitgliedschaftsverwaltung. Nach Widerruf der Einwilligung Nachweis und Dokumentation; Rechtsverteidigung.<\/p>\n<p>Rechtsgrundlage:<br \/>\nIhr Antrag auf Mitgliedschaft \/ Freiwilligkeit und Folgen der Nichtbereitstellung:<br \/>\nArt. 6 Abs. 1 a) DSGVO (Einwilligung) Art. 6 Abs. 1 S. 1 Buchst. f DSGVO (Berechtigtes Interesse: Nachweis \/ Mitgliederverwaltung und Dokumentation).<\/p>\n<p>Die Daten werden freiwillig von Ihnen zur Verf\u00fcgung gestellt. Soweit Sie die Daten nicht zur Verf\u00fcgung stellen, k\u00f6nnen Sie keine Mitgliedschaft erlangen.<\/p>\n<p>Empf\u00e4nger (Kategorien):<br \/>\nDaten\u00fcbermittlung per Maildienst ausschlie\u00dflich an Mitglieder des Verbandes.<br \/>\nVersanddienstleister ausschlie\u00dflich Daten f\u00fcr die postalische Zustellung der Zeitschrift des Verbandes.<br \/>\nWir beabsichtigen nicht, Ihre personenbezogenen Daten an Dritte zu \u00fcbermitteln oder dort zu verarbeiten zu lassen.<br \/>\nBei Mailanfragen direkt an den Verband, werden die Daten nur zur Bearbeitung verwendet und danach gel\u00f6scht.<\/p>\n<p>Dauer der Speicherung:<br \/>\nSolange eine Mitgliedschaft besteht.<br \/>\nIhre Daten werden bis zum Widerruf der Einwilligung und oder nach Beendigung der Mitgliedschaft sodann noch f\u00fcr 3 Jahre gespeichert.<\/p>\n<p>Ihre Rechte:<br \/>\nSie haben das Recht, Auskunft dar\u00fcber zu verlangen, welche Daten wir von Ihnen zu welchen Zwecken verarbeiten (Art. 15 DSGVO).<br \/>\nSie haben das Recht, Daten berichtigen (Art. 16 DSGVO) oder l\u00f6schen zu lassen (Art. 17 DSGVO), der Verarbeitung Ihrer Daten zu widersprechen sowie die Einschr\u00e4nkung der Verarbeitung zu verlangen (Art. 18 DSGVO).<br \/>\nSie k\u00f6nnen verlangen, dass Sie die Daten, die Sie uns bereitgestellt haben, in einem strukturierten, g\u00e4ngigen und lesbaren Format zu erhalten oder diese an einen Dritten \u00fcbermitteln (Art. 20 DSGVO).<br \/>\nSie haben das Recht, sich bei einer Aufsichtsbeh\u00f6rde zu beschweren.<br \/>\nSie k\u00f6nnen Ihre Einwilligung jederzeit widerrufen. Die Rechtm\u00e4\u00dfigkeit der bis zum Widerruf erfolgten Verarbeitung bleibt hiervon unber\u00fchrt.<\/p>\n<p>\u00a92021 \/ Herausgeber dieser Information ist der Landesverband Hessen f\u00fcr das Personenbef\u00f6rderungsgewerbe e.V. \u2013 Breitenbachstra\u00dfe 1 \u2013 60486 Frankfurt am Main<\/p>\n","protected":false},"excerpt":{"rendered":"<p>Datenschutzerkl\u00e4rung nach der EU DS-GVO Der Verantwortliche im Sinne der Datenschutz-Grundverordnung und anderer nationaler Datenschutzgesetze der Mitgliedsstaaten sowie sonstiger datenschutzrechtlicher Bestimmungen ist der nachfolgende Verband: Landesverband Hessen f\u00fcr das Personenbef\u00f6rderungsgewerbe e.V., Breitenbachstra\u00dfe 1, 60487 Frankfurt am Main Telefon: 069 79207810, Telefax: 069 79207812, Mail: info@taxiverband-hessen.de Der f\u00fcr den Datenschutz Verantwortliche<\/p>\n","protected":false},"author":1,"featured_media":0,"parent":0,"menu_order":0,"comment_status":"closed","ping_status":"closed","template":"","meta":{"footnotes":""},"_links":{"self":[{"href":"https:\/\/taxiverband-hessen.de\/index.php?rest_route=\/wp\/v2\/pages\/40"}],"collection":[{"href":"https:\/\/taxiverband-hessen.de\/index.php?rest_route=\/wp\/v2\/pages"}],"about":[{"href":"https:\/\/taxiverband-hessen.de\/index.php?rest_route=\/wp\/v2\/types\/page"}],"author":[{"embeddable":true,"href":"https:\/\/taxiverband-hessen.de\/index.php?rest_route=\/wp\/v2\/users\/1"}],"replies":[{"embeddable":true,"href":"https:\/\/taxiverband-hessen.de\/index.php?rest_route=%2Fwp%2Fv2%2Fcomments&post=40"}],"version-history":[{"count":3,"href":"https:\/\/taxiverband-hessen.de\/index.php?rest_route=\/wp\/v2\/pages\/40\/revisions"}],"predecessor-version":[{"id":75,"href":"https:\/\/taxiverband-hessen.de\/index.php?rest_route=\/wp\/v2\/pages\/40\/revisions\/75"}],"wp:attachment":[{"href":"https:\/\/taxiverband-hessen.de\/index.php?rest_route=%2Fwp%2Fv2%2Fmedia&parent=40"}],"curies":[{"name":"wp","href":"https:\/\/api.w.org\/{rel}","templated":true}]}}