{"id":39,"date":"2021-05-14T10:38:04","date_gmt":"2021-05-14T10:38:04","guid":{"rendered":"https:\/\/taxiverband-hessen.de\/?page_id=39"},"modified":"2024-06-18T11:00:41","modified_gmt":"2024-06-18T09:00:41","slug":"impressum","status":"publish","type":"page","link":"https:\/\/taxiverband-hessen.de\/?page_id=39","title":{"rendered":"Impressum"},"content":{"rendered":"<p>Verantwortlich f\u00fcr diese Webseite ist der Landesverband Hessen f\u00fcr das Personenbef\u00f6rderungsgewerbe e.V., vertreten durch den<\/p>\n<p>Vorstand: Hans-Peter Kratz (hans-peter.kratz@taxiverband-hessen.de) und Norbert Krink (krink@taxiverband-hessen.de)<\/p>\n<p>Beisitzer: Ferry Kimiaghalam, Heinz Schneider, Thomas Kr\u00e4mer<\/p>\n<p>Anschrift: Landesverband Hessen f\u00fcr das Personenbef\u00f6rderungsgewerbe e.V., Breitenbachstra\u00dfe 1, 60487 Frankfurt am Main<\/p>\n<p>Erreichbarkeit: Telefon 069 79207810, Telefax 069 79207812, Mail info@taxiverband-hessen.de<\/p>\n<p>Bankverbindung: Frankfurter Sparkasse, BIC HELADEF1822<\/p>\n<p>Steuernummer: 045 224 23490<\/p>\n<p>Der Landesverband Hessen f\u00fcr das Personenbef\u00f6rderungsgewerbe e.V. ist beim Amtsgericht Frankfurt am Main eingetragen. VR 5035.<\/p>\n<p>Bildnachweis Header: gopixa \/ istockphoto.com &#8211; Stock-Fotografie-ID:1194666769<\/p>\n<p>Hinweis zu den zur Verf\u00fcgung gestellten Links:<br \/>\nDie Links zu Webseiten Dritter werden Ihnen auf dieser Webseite als reine Serviceleistung bzw. Hinweis angeboten. F\u00fcr die Inhalte, zu denen verlinkt wird, sind die Anbieter der jeweiligen Webseiten selbst verantwortlich.<\/p>\n<p>Der Landesverband Hessen f\u00fcr das Personenbef\u00f6rderungsgewerbe e.V. billigt die Drittinhalte weder noch soll durch die angegebenen Links eine Verbindung zwischen dem Landesverband Hessen f\u00fcr das Personenbef\u00f6rderungsgewerbe e.V. und diesen Inhalten hergestellt werden.<\/p>\n<p>Haftungsausschluss:<br \/>\nDer Landesverband Hessen f\u00fcr das Personenbef\u00f6rderungsgewerbe e.V. kann keine Garantie daf\u00fcr \u00fcbernehmen, dass alle Inhalte und Angaben zu jeder Zeit vollst\u00e4ndig, richtig und aktuell sind.<\/p>\n<p>Dies gilt insbesondere f\u00fcr alle Link Verbindungen zu anderen Webseiten, auf die direkt oder indirekt verwiesen wird. Alle Angaben k\u00f6nnen ohne vorherige Ank\u00fcndigung erg\u00e4nzt, entfernt oder ge\u00e4ndert werden. Alle auf dieser Website genannten Produktnamen, Produktbezeichnungen und Logos sind eingetragene Warenzeichen und Eigentum der jeweiligen Rechteinhaber.<\/p>\n","protected":false},"excerpt":{"rendered":"<p>Verantwortlich f\u00fcr diese Webseite ist der Landesverband Hessen f\u00fcr das Personenbef\u00f6rderungsgewerbe e.V., vertreten durch den Vorstand: Hans-Peter Kratz (hans-peter.kratz@taxiverband-hessen.de) und Norbert Krink (krink@taxiverband-hessen.de) Beisitzer: Ferry Kimiaghalam, Heinz Schneider, Thomas Kr\u00e4mer Anschrift: Landesverband Hessen f\u00fcr das Personenbef\u00f6rderungsgewerbe e.V., Breitenbachstra\u00dfe 1, 60487 Frankfurt am Main Erreichbarkeit: Telefon 069 79207810, Telefax 069 79207812,<\/p>\n","protected":false},"author":1,"featured_media":0,"parent":0,"menu_order":0,"comment_status":"closed","ping_status":"closed","template":"","meta":{"footnotes":""},"_links":{"self":[{"href":"https:\/\/taxiverband-hessen.de\/index.php?rest_route=\/wp\/v2\/pages\/39"}],"collection":[{"href":"https:\/\/taxiverband-hessen.de\/index.php?rest_route=\/wp\/v2\/pages"}],"about":[{"href":"https:\/\/taxiverband-hessen.de\/index.php?rest_route=\/wp\/v2\/types\/page"}],"author":[{"embeddable":true,"href":"https:\/\/taxiverband-hessen.de\/index.php?rest_route=\/wp\/v2\/users\/1"}],"replies":[{"embeddable":true,"href":"https:\/\/taxiverband-hessen.de\/index.php?rest_route=%2Fwp%2Fv2%2Fcomments&post=39"}],"version-history":[{"count":5,"href":"https:\/\/taxiverband-hessen.de\/index.php?rest_route=\/wp\/v2\/pages\/39\/revisions"}],"predecessor-version":[{"id":460,"href":"https:\/\/taxiverband-hessen.de\/index.php?rest_route=\/wp\/v2\/pages\/39\/revisions\/460"}],"wp:attachment":[{"href":"https:\/\/taxiverband-hessen.de\/index.php?rest_route=%2Fwp%2Fv2%2Fmedia&parent=39"}],"curies":[{"name":"wp","href":"https:\/\/api.w.org\/{rel}","templated":true}]}}