{"id":37,"date":"2021-05-14T10:38:04","date_gmt":"2021-05-14T10:38:04","guid":{"rendered":"https:\/\/taxiverband-hessen.de\/?page_id=37"},"modified":"2024-06-18T10:58:38","modified_gmt":"2024-06-18T08:58:38","slug":"mitgliedschaft","status":"publish","type":"page","link":"https:\/\/taxiverband-hessen.de\/?page_id=37","title":{"rendered":"Mitgliedschaft"},"content":{"rendered":"<p>Die Mitgliedschaft in unserem Landesverband kann Ihnen als hessischem Taxibetrieb viele Vorteile bringen:<\/p>\n<p><strong><br \/>\nLeistungen<\/strong> (aus Rahmenvertr\u00e4gen oder Rahmenvereinbarungen)<\/p>\n<p>Die Leistungen des Verbandes sind ein Rahmenvertrag mit gesetzlichen Krankenkassen (au\u00dfer der AOK-Hessen und der Knappschaft) zur Abrechnung von Krankenfahrten innerhalb des Tarifgeltungsgebietes zum jeweiligen \u00f6rtlichen Taxitarif. Nach au\u00dferhalb des Pflichtfahrgebietes findet die jeweils g\u00fcltige Verg\u00fctungsliste Anwendung.<\/p>\n<p>Daneben gibt es weitere Rahmenvertr\u00e4ge und Rahmenvereinbarungen zu:<\/p>\n<p>\u00b7 Taxi-Kraftfahrzeugversicherungen (Kasko und Haftpflicht, Beitr\u00e4ge auf Anfrage)<br \/>\n\u00b7 Kraftfahrzeug-Rechtsschutzversicherung (Versicherungsbeitrag je Fahrzeug schon ab 90,00 Euro j\u00e4hrlich)<br \/>\n\u00b7 Betriebshaftpflichtversicherung (schon ab 25,00 Euro j\u00e4hrlich je Fahrzeug)<br \/>\n\u00b7 Handy-Mobil Vertrag zu D1 (Rabatte von ca. 30% und mehr) mit der Telekom, die Rahmenvertr\u00e4ge dazu werden st\u00e4ndig angepasst<br \/>\n\u00b7 Kosteng\u00fcnstiges Autozubeh\u00f6r mit der ATU-Card mit Rabatte zu Reifen, Servicearbeiten und Schmierdienste etc.<br \/>\n\u00b7 Kosteng\u00fcnstige ASD Betreuung zum arbeitsmedizinischen und sicherheitstechnischen Dienst (Beitr\u00e4ge auf Anfrage)<br \/>\n\u00b7 Mobile Garantie Deutschland zur Garantie &#8211; Erweiterung f\u00fcr Taxifahrzeuge als TAXI Garantie -Versicherung \u00fcber die Herstellergarantie hinaus. (Info-Flyer und Antragsinfo)<br \/>\n\u00b7 Bundesweit g\u00fcltiger Rahmenvertrag mit der Deutschen Bahn Logo Deutsche Bahn zur Bef\u00f6rderung von Fahrg\u00e4sten. Abrechnungsstelle f\u00fcr die Bahntickets<\/p>\n<p>Zum Tanken gibt es Rabatte auf den Total Tankstellen und ARAL Stationen in ganz Deutschland. Exklusiv f\u00fcr die hessischen Taxibetriebe gibt es auf Anfrage auch die Esso Card. In Zusammenarbeit mit der SVG Hessen.<\/p>\n<p>In unserem <a href=\"https:\/\/taxiverband-hessen.de\/?page_id=41\">Service-Bereich<\/a> finden Sie alle wichtigen Formulare zum Herunterladen der PDF-Dokumente<\/p>\n<p>Attraktive <strong>Zusatzleistungen<\/strong> (Vorteile aus der Mitgliedschaft)<\/p>\n<p>Zur st\u00e4ndigen Information bekommen die Mitglieder monatlich die Fachzeitschrift <strong>Taxi-Journal<\/strong> zugestellt und bei Bedarf das aktuelle Rundschreiben des Bundesverbandes Taxi und Mietwagen e.V. per Mail.<br \/>\nZus\u00e4tzlich steht allen Mitgliedern ein informativer Mail-Dienst des Landesverbandes zur Verf\u00fcgung. Hier\u00fcber bekommen die Mitgliedsbetriebe und Organisationen direkt auf Ihre Mail-Adresse aktuelle Informationen rund um das Taxi und das Taxigewerbe.<\/p>\n<p>In der Gesch\u00e4ftsstelle sind jeden Mittwoch und Freitag von 11 bis 15 Uhr <strong>Fachanw\u00e4lte<\/strong>, bei denen sich jeder Mitgliedsbetrieb juristischen Rat holen kann. Ein erstes Informationsgespr\u00e4ch zum jeweiligen Rechtsfall bekommt jeder Taxibetrieb im Rahmen seiner Mitgliedschaft kostenlos. Weitere Leistungen erfolgen dann gem\u00e4\u00df der Absprache zwischen den Anw\u00e4lten und dem Taxibetrieb.<\/p>\n<p><strong>\u00c4rztliche Untersuchungen<\/strong> zur Verl\u00e4ngerung der Fahrerlaubnis zur Fahrgastbef\u00f6rderung werden 1-mal im Monat in der Gesch\u00e4ftsstelle des Landesverbandes angeboten. Termine bitte vorher Anfragen. Anmeldungen k\u00f6nnen telefonisch unter 069 79207900 vorgenommen werden.<\/p>\n<p>Kurse und Unterricht zur Erlangung der <strong>Sach- und Fachkunde<\/strong> werden in Zusammenarbeit mit der Taxi-Vereinigung Frankfurt am Main e.V. f\u00fcr k\u00fcnftige Unternehmer angeboten. Nach erfolgter Pr\u00fcfung bei der zust\u00e4ndigen Industrie- und Handelskammer k\u00f6nnen dann deutschlandweit selbstst\u00e4ndig Personenbef\u00f6rderungsbetriebe gef\u00fchrt werden. Anmeldung \u00fcber die Gesch\u00e4ftsstelle 069 79207910 (Kosten derzeit je Kurs 600,00 Euro plus Sach- und Fachkundebuch).<\/p>\n<p><strong>Mitgliedschaft<\/strong><\/p>\n<p>Jeder Taxibetrieb in Hessen kann bei uns Mitglied werden, sofern in seiner Genehmigungsgemeinde keine \u00f6rtliche Vereinigung, Verband oder Zentrale bzw. Genossenschaft bereits Mitglied im Landesverband Hessen f\u00fcr das Personenbef\u00f6rderungsgewerbe e.V. ist.<\/p>\n<p><strong>Beitr\u00e4ge<\/strong> (g\u00fcltig ab 2018)<\/p>\n<p>Der aktuelle Beitrag im Landesverband kostet f\u00fcr ein Taxi 10,00 Euro je Monat. Ab dem 2. Taxi 3,20 Euro je Taxi und Monat. Ein Taxibetrieb zum Beispiel mit einem Taxi zahlt einen Jahresbeitrag von 120,00 Euro. Die Beitragszahlung erfolgt in zwei Halbjahresbeitr\u00e4gen, die jeweils im Voraus zu zahlen sind.<\/p>\n<p>Beitragsordnung<br \/>\n(Auszugsweise)<\/p>\n<p>Monatsbeitr\u00e4ge ab 01.01.2023<\/p>\n<p><strong>Organisationen\/Vereinigungen\/Verb\u00e4nde\/Taxi-Zentralen\/Genossenschaften<\/strong><\/p>\n<p>5,70 \u20ac pro Konzession bis 50 Konzessionen<\/p>\n<p>3,20 \u20ac pro Konzession von 51 bis 250 Konzessionen<\/p>\n<p>2,50 \u20ac pro Konzession von 251 bis 1.000 Konzessionen<\/p>\n<p>1,90 \u20ac pro Konzession \u00fcber 1.000 Konzessionen<\/p>\n<p><strong><br \/>\nTaxibetriebe\/Einzelmitglied\/Mehrwagenbetrieb<\/strong><\/p>\n<p>10,00 \u20ac f\u00fcr die erste Konzession<\/p>\n<p>3,20 \u20ac f\u00fcr jede weitere Konzession bis 10 Konzessionen. Bei mehr als 10 Konzessionen entscheidet der Vorstand in Absprachen mit dem Mitglied.<\/p>\n<p><strong>Info und Beratung<\/strong><\/p>\n<p>Fragen zur Mitgliedschaft oder zu den Verbandsleistungen bekommen Sie \u00fcber die Gesch\u00e4ftsstelle beantwortet. Der Vorstand ist Ihr direkter Ansprechpartner.<\/p>\n<p>F\u00fcr eine pers\u00f6nliche Anfrage oder einen Gespr\u00e4chstermin k\u00f6nnen Sie uns jederzeit eine Mail oder Fax senden. Wir geben Ihnen gerne weitere Infos und Beratung per Mail.<\/p>\n<p>Formulare u.a. zum Beitritt in den Verband, SEPA-Lastschrift und Eintragung in unsere IK Liste finden Sie in unserem <a href=\"https:\/\/taxiverband-hessen.de\/?page_id=41\">Service-Bereich<\/a>.<\/p>\n","protected":false},"excerpt":{"rendered":"<p>Die Mitgliedschaft in unserem Landesverband kann Ihnen als hessischem Taxibetrieb viele Vorteile bringen: Leistungen (aus Rahmenvertr\u00e4gen oder Rahmenvereinbarungen) Die Leistungen des Verbandes sind ein Rahmenvertrag mit gesetzlichen Krankenkassen (au\u00dfer der AOK-Hessen und der Knappschaft) zur Abrechnung von Krankenfahrten innerhalb des Tarifgeltungsgebietes zum jeweiligen \u00f6rtlichen Taxitarif. Nach au\u00dferhalb des Pflichtfahrgebietes findet<\/p>\n","protected":false},"author":1,"featured_media":0,"parent":0,"menu_order":0,"comment_status":"closed","ping_status":"closed","template":"","meta":{"footnotes":""},"_links":{"self":[{"href":"https:\/\/taxiverband-hessen.de\/index.php?rest_route=\/wp\/v2\/pages\/37"}],"collection":[{"href":"https:\/\/taxiverband-hessen.de\/index.php?rest_route=\/wp\/v2\/pages"}],"about":[{"href":"https:\/\/taxiverband-hessen.de\/index.php?rest_route=\/wp\/v2\/types\/page"}],"author":[{"embeddable":true,"href":"https:\/\/taxiverband-hessen.de\/index.php?rest_route=\/wp\/v2\/users\/1"}],"replies":[{"embeddable":true,"href":"https:\/\/taxiverband-hessen.de\/index.php?rest_route=%2Fwp%2Fv2%2Fcomments&post=37"}],"version-history":[{"count":8,"href":"https:\/\/taxiverband-hessen.de\/index.php?rest_route=\/wp\/v2\/pages\/37\/revisions"}],"predecessor-version":[{"id":459,"href":"https:\/\/taxiverband-hessen.de\/index.php?rest_route=\/wp\/v2\/pages\/37\/revisions\/459"}],"wp:attachment":[{"href":"https:\/\/taxiverband-hessen.de\/index.php?rest_route=%2Fwp%2Fv2%2Fmedia&parent=37"}],"curies":[{"name":"wp","href":"https:\/\/api.w.org\/{rel}","templated":true}]}}