{"id":36,"date":"2021-05-14T10:38:04","date_gmt":"2021-05-14T10:38:04","guid":{"rendered":"https:\/\/taxiverband-hessen.de\/?page_id=36"},"modified":"2021-05-21T17:11:23","modified_gmt":"2021-05-21T15:11:23","slug":"geschaeftsstelle","status":"publish","type":"page","link":"https:\/\/taxiverband-hessen.de\/?page_id=36","title":{"rendered":"Gesch\u00e4ftsstelle"},"content":{"rendered":"<p>Die Gesch\u00e4ftsstelle befindet sich in der<br \/>\nBreitenbachstra\u00dfe 1<br \/>\n60487 Frankfurt am Main<\/p>\n<p>\u00d6ffnungszeiten:<br \/>\nMittwoch und Freitag von 11:00 &#8211; 15:00 Uhr<\/p>\n<p>sowie nach telefonischer Vereinbarung ( 069 ) 79 20 78 13: Ansprechpartner ist Herr Hans-Peter Kratz.<br \/>\nAm besten, Sie senden uns hierf\u00fcr einen <a href=\"https:\/\/taxiverband-hessen.de\/wp-content\/uploads\/2021\/05\/Anfragebrief_Geschaeftsstelle.pdf\" target=\"_blank\" rel=\"noopener\">Anfragebrief<\/a><\/p>\n<p>Telefon: ( 069 ) 79 20 78 10<br \/>\nTelefax: ( 069 ) 79 20 78 12<\/p>\n<p>Postanschrift:<br \/>\nLandesverband Hessen\u00a0f\u00fcr das Personenbef\u00f6rderungsgewerbe e.V.<br \/>\nBreitenbachstra\u00dfe 1<br \/>\n60487 Frankfurt am Main<\/p>\n<p>Mailanschrift:<br \/>\ninfo@taxiverband-hessen.de<\/p>\n<p>.<\/p>\n<p>&nbsp;<\/p>\n<p>.<\/p>\n","protected":false},"excerpt":{"rendered":"<p>Die Gesch\u00e4ftsstelle befindet sich in der Breitenbachstra\u00dfe 1 60487 Frankfurt am Main \u00d6ffnungszeiten: Mittwoch und Freitag von 11:00 &#8211; 15:00 Uhr sowie nach telefonischer Vereinbarung ( 069 ) 79 20 78 13: Ansprechpartner ist Herr Hans-Peter Kratz. Am besten, Sie senden uns hierf\u00fcr einen Anfragebrief Telefon: ( 069 ) 79<\/p>\n","protected":false},"author":1,"featured_media":0,"parent":0,"menu_order":0,"comment_status":"closed","ping_status":"closed","template":"","meta":{"footnotes":""},"_links":{"self":[{"href":"https:\/\/taxiverband-hessen.de\/index.php?rest_route=\/wp\/v2\/pages\/36"}],"collection":[{"href":"https:\/\/taxiverband-hessen.de\/index.php?rest_route=\/wp\/v2\/pages"}],"about":[{"href":"https:\/\/taxiverband-hessen.de\/index.php?rest_route=\/wp\/v2\/types\/page"}],"author":[{"embeddable":true,"href":"https:\/\/taxiverband-hessen.de\/index.php?rest_route=\/wp\/v2\/users\/1"}],"replies":[{"embeddable":true,"href":"https:\/\/taxiverband-hessen.de\/index.php?rest_route=%2Fwp%2Fv2%2Fcomments&post=36"}],"version-history":[{"count":11,"href":"https:\/\/taxiverband-hessen.de\/index.php?rest_route=\/wp\/v2\/pages\/36\/revisions"}],"predecessor-version":[{"id":263,"href":"https:\/\/taxiverband-hessen.de\/index.php?rest_route=\/wp\/v2\/pages\/36\/revisions\/263"}],"wp:attachment":[{"href":"https:\/\/taxiverband-hessen.de\/index.php?rest_route=%2Fwp%2Fv2%2Fmedia&parent=36"}],"curies":[{"name":"wp","href":"https:\/\/api.w.org\/{rel}","templated":true}]}}