{"id":123,"date":"2021-05-14T13:35:40","date_gmt":"2021-05-14T13:35:40","guid":{"rendered":"https:\/\/taxiverband-hessen.de\/?page_id=123"},"modified":"2021-06-02T19:42:39","modified_gmt":"2021-06-02T17:42:39","slug":"dokumente-arbeitsvertraege","status":"publish","type":"page","link":"https:\/\/taxiverband-hessen.de\/?page_id=123","title":{"rendered":"Dokumente &#8211; Arbeitsvertr\u00e4ge"},"content":{"rendered":"<p><a href=\"https:\/\/taxiverband-hessen.de\/wp-content\/uploads\/2021\/05\/BZP_Flyer_Anwendungsfragen_Mindestlohn_2014-10-24_final-Kopie.pdf\" target=\"_blank\" rel=\"noopener\"><img loading=\"lazy\" decoding=\"async\" class=\"alignnone wp-image-88\" src=\"https:\/\/taxiverband-hessen.de\/wp-content\/uploads\/2021\/05\/pdf-logo-300x300.png\" alt=\"\" width=\"33\" height=\"33\" srcset=\"https:\/\/taxiverband-hessen.de\/wp-content\/uploads\/2021\/05\/pdf-logo-300x300.png 300w, https:\/\/taxiverband-hessen.de\/wp-content\/uploads\/2021\/05\/pdf-logo-150x150.png 150w, https:\/\/taxiverband-hessen.de\/wp-content\/uploads\/2021\/05\/pdf-logo.png 512w\" sizes=\"(max-width: 33px) 100vw, 33px\" \/> BZP-Flyer Anwendungsfragen rund um den Mindestlohn<\/a><\/p>\n<p><a href=\"https:\/\/taxiverband-hessen.de\/wp-content\/uploads\/2021\/05\/12-FeV.pdf\" target=\"_blank\" rel=\"noopener\"><img loading=\"lazy\" decoding=\"async\" class=\"alignnone wp-image-88\" src=\"https:\/\/taxiverband-hessen.de\/wp-content\/uploads\/2021\/05\/pdf-logo-300x300.png\" alt=\"\" width=\"33\" height=\"33\" srcset=\"https:\/\/taxiverband-hessen.de\/wp-content\/uploads\/2021\/05\/pdf-logo-300x300.png 300w, https:\/\/taxiverband-hessen.de\/wp-content\/uploads\/2021\/05\/pdf-logo-150x150.png 150w, https:\/\/taxiverband-hessen.de\/wp-content\/uploads\/2021\/05\/pdf-logo.png 512w\" sizes=\"(max-width: 33px) 100vw, 33px\" \/> Fahrerlaubnis-Verordnung (FeV)<\/a><\/p>\n<p>Unsere Mitglieder k\u00f6nnen Arbeitsvertr\u00e4ge und Informationen in der Gesch\u00e4ftsstelle oder per Mail jederzeit anfragen!<\/p>\n","protected":false},"excerpt":{"rendered":"<p>BZP-Flyer Anwendungsfragen rund um den Mindestlohn Fahrerlaubnis-Verordnung (FeV) Unsere Mitglieder k\u00f6nnen Arbeitsvertr\u00e4ge und Informationen in der Gesch\u00e4ftsstelle oder per Mail jederzeit anfragen!<\/p>\n","protected":false},"author":1,"featured_media":0,"parent":0,"menu_order":0,"comment_status":"closed","ping_status":"closed","template":"","meta":{"footnotes":""},"_links":{"self":[{"href":"https:\/\/taxiverband-hessen.de\/index.php?rest_route=\/wp\/v2\/pages\/123"}],"collection":[{"href":"https:\/\/taxiverband-hessen.de\/index.php?rest_route=\/wp\/v2\/pages"}],"about":[{"href":"https:\/\/taxiverband-hessen.de\/index.php?rest_route=\/wp\/v2\/types\/page"}],"author":[{"embeddable":true,"href":"https:\/\/taxiverband-hessen.de\/index.php?rest_route=\/wp\/v2\/users\/1"}],"replies":[{"embeddable":true,"href":"https:\/\/taxiverband-hessen.de\/index.php?rest_route=%2Fwp%2Fv2%2Fcomments&post=123"}],"version-history":[{"count":4,"href":"https:\/\/taxiverband-hessen.de\/index.php?rest_route=\/wp\/v2\/pages\/123\/revisions"}],"predecessor-version":[{"id":274,"href":"https:\/\/taxiverband-hessen.de\/index.php?rest_route=\/wp\/v2\/pages\/123\/revisions\/274"}],"wp:attachment":[{"href":"https:\/\/taxiverband-hessen.de\/index.php?rest_route=%2Fwp%2Fv2%2Fmedia&parent=123"}],"curies":[{"name":"wp","href":"https:\/\/api.w.org\/{rel}","templated":true}]}}